




{"id":4227,"date":"2026-03-04T22:08:41","date_gmt":"2026-03-04T21:08:41","guid":{"rendered":"https:\/\/plantandfun.com\/produkt\/en-warzywniak-plantfun\/"},"modified":"2026-03-11T21:57:27","modified_gmt":"2026-03-11T20:57:27","slug":"warzywniak-plantfun","status":"publish","type":"product","link":"https:\/\/plantandfun.com\/pl\/produkt\/warzywniak-plantfun\/","title":{"rendered":"Warzywniak Plant&#038;Fun"},"content":{"rendered":"<h3>Dost\u0119pne rozmiary<\/h3>\n<p><img loading=\"lazy\" decoding=\"async\" src=\"https:\/\/plantandfun.com\/wp-content\/uploads\/2025\/04\/i1.png\" alt=\"\" width=\"27\" height=\"27\" class=\"alignnone size-full wp-image-507\" \/> 1200 \u00d7 800 mm<br \/>\n<img loading=\"lazy\" decoding=\"async\" src=\"https:\/\/plantandfun.com\/wp-content\/uploads\/2025\/04\/i1.png\" alt=\"\" width=\"27\" height=\"27\" class=\"alignnone size-full wp-image-507\" \/> 800 \u00d7 600 mm<\/p>\n<h3>Dost\u0119pne kolory drewna<\/h3>\n<p><img loading=\"lazy\" decoding=\"async\" src=\"https:\/\/plantandfun.com\/wp-content\/uploads\/2026\/03\/color-natural.png\" alt=\"\" width=\"27\" height=\"27\" class=\"alignnone size-full wp-image-4913\" \/> Naturalne drewno<br \/>\n<img loading=\"lazy\" decoding=\"async\" src=\"https:\/\/plantandfun.com\/wp-content\/uploads\/2026\/03\/color-dark.png\" alt=\"\" width=\"27\" height=\"27\" class=\"alignnone size-full wp-image-4910\" \/> Ciemne drewno<\/p>\n<p>Rozmiar i kolor mo\u017cesz dowolnie \u0142\u0105czy\u0107, dopasowuj\u0105c warzywniak do swojej przestrzeni oraz stylu balkonu lub ogrodu.<\/p>\n","protected":false},"excerpt":{"rendered":"<h2>Warzywniak Plant&amp;Fun do balkonu i ogrodu<\/h2>\n<p>Twoje miejsce na zdrowe warzywa, zio\u0142a i kwiaty, nawet je\u015bli masz do dyspozycji tylko balkon lub taras. Warzywniak Plant&amp;Fun to funkcjonalna, estetyczna skrzynia do uprawy ro\u015blin, wykonana z naturalnego drewna i zaprojektowana z my\u015bl\u0105 o codziennym u\u017cytkowaniu.<\/p>\n<p>Sprawdzi si\u0119 zar\u00f3wno dla os\u00f3b zaczynaj\u0105cych przygod\u0119 z ogrodnictwem, jak i dla tych, kt\u00f3rzy chc\u0105 mie\u0107 w\u0142asne uprawy zawsze pod r\u0119k\u0105.<\/p>\n","protected":false},"featured_media":866,"template":"","meta":{"_acf_changed":false},"product_brand":[],"product_cat":[74],"product_tag":[],"class_list":{"0":"post-4227","1":"product","2":"type-product","3":"status-publish","4":"has-post-thumbnail","6":"product_cat-bez-kategorii-pl","8":"first","9":"instock","10":"shipping-taxable","11":"purchasable","12":"product-type-variable","13":"has-default-attributes"},"acf":[],"_links":{"self":[{"href":"https:\/\/plantandfun.com\/pl\/wp-json\/wp\/v2\/product\/4227","targetHints":{"allow":["GET"]}}],"collection":[{"href":"https:\/\/plantandfun.com\/pl\/wp-json\/wp\/v2\/product"}],"about":[{"href":"https:\/\/plantandfun.com\/pl\/wp-json\/wp\/v2\/types\/product"}],"wp:featuredmedia":[{"embeddable":true,"href":"https:\/\/plantandfun.com\/pl\/wp-json\/wp\/v2\/media\/866"}],"wp:attachment":[{"href":"https:\/\/plantandfun.com\/pl\/wp-json\/wp\/v2\/media?parent=4227"}],"wp:term":[{"taxonomy":"product_brand","embeddable":true,"href":"https:\/\/plantandfun.com\/pl\/wp-json\/wp\/v2\/product_brand?post=4227"},{"taxonomy":"product_cat","embeddable":true,"href":"https:\/\/plantandfun.com\/pl\/wp-json\/wp\/v2\/product_cat?post=4227"},{"taxonomy":"product_tag","embeddable":true,"href":"https:\/\/plantandfun.com\/pl\/wp-json\/wp\/v2\/product_tag?post=4227"}],"curies":[{"name":"wp","href":"https:\/\/api.w.org\/{rel}","templated":true}]}}