




{"id":596,"date":"2025-04-14T14:50:41","date_gmt":"2025-04-14T12:50:41","guid":{"rendered":"https:\/\/plantandfun.com\/blog\/"},"modified":"2025-04-14T14:50:41","modified_gmt":"2025-04-14T12:50:41","slug":"blog","status":"publish","type":"page","link":"https:\/\/plantandfun.com\/pl\/blog\/","title":{"rendered":"Blog"},"content":{"rendered":"<div class=\"wp-block-group alignfull has-global-padding is-layout-constrained wp-block-group-is-layout-constrained\" style=\"margin-top:0;margin-bottom:0\"><div class=\"wp-block-columns alignfull is-layout-flex wp-container-core-columns-is-layout-9c22b1e3 wp-block-columns-is-layout-flex\"><div class=\"wp-block-column is-layout-flow wp-block-column-is-layout-flow\" style=\"flex-basis:55%\"><div style=\"aspect-ratio:1;min-height:unset;\" class=\"wp-block-cover is-light has-aspect-ratio\"><span aria-hidden=\"true\" class=\"wp-block-cover__background has-background-dim-0 has-background-dim\" style=\"background-color:#6b6b6b\"><\/span><img decoding=\"async\" class=\"wp-block-cover__image-background\" alt=\"Image of the book\" src=\"http:\/\/plantandfun.com\/wp-content\/themes\/twentytwentyfive\/assets\/images\/book-image-landing.webp\" data-object-fit=\"cover\"\/><div class=\"wp-block-cover__inner-container is-layout-flow wp-block-cover-is-layout-flow\"><div style=\"height:var(--wp--preset--spacing--20)\" aria-hidden=\"true\" class=\"wp-block-spacer\"><\/div><\/div><\/div><\/div>\n\n<div class=\"wp-block-column is-vertically-aligned-center is-layout-flow wp-block-column-is-layout-flow\" style=\"padding-top:var(--wp--preset--spacing--60);padding-right:var(--wp--preset--spacing--60);padding-bottom:var(--wp--preset--spacing--60);padding-left:var(--wp--preset--spacing--60)\"><h2 class=\"wp-block-heading has-xx-large-font-size\">The Stories Book<\/h2>\n\n<p>A fine collection of moments in time featuring photographs from Louis Fleckenstein, Paul Strand and Asahachi K\u014dno.<\/p>\n\n<p class=\"has-medium-font-size\">Available for pre-order now.<\/p><\/div><\/div><\/div><div class=\"wp-block-group alignfull has-global-padding is-layout-constrained wp-container-core-group-is-layout-54af5b55 wp-block-group-is-layout-constrained\" style=\"margin-top:0;margin-bottom:0;padding-top:var(--wp--preset--spacing--60);padding-bottom:var(--wp--preset--spacing--60)\"><h2 class=\"wp-block-heading alignwide has-text-align-center has-x-large-font-size\">Kup sw\u00f3j egzemplarz Ksi\u0105\u017cki z Historiami<\/h2>\n\n<div class=\"wp-block-buttons alignwide has-custom-font-size has-medium-font-size is-content-justification-center is-layout-flex wp-container-core-buttons-is-layout-c124d1c4 wp-block-buttons-is-layout-flex\"><div class=\"wp-block-button\"><a class=\"wp-block-button__link wp-element-button\">Amazon<\/a><\/div>\n\n<div class=\"wp-block-button\"><a class=\"wp-block-button__link wp-element-button\">Audible<\/a><\/div>\n\n<div class=\"wp-block-button\"><a class=\"wp-block-button__link wp-element-button\">Barnes i Noble<\/a><\/div>\n\n<div class=\"wp-block-button\"><a class=\"wp-block-button__link wp-element-button\">Apple Books<\/a><\/div>\n\n<div class=\"wp-block-button\"><a class=\"wp-block-button__link wp-element-button\">Bookshop.org<\/a><\/div>\n\n<div class=\"wp-block-button\"><a class=\"wp-block-button__link wp-element-button\">Spotify<\/a><\/div>\n\n<div class=\"wp-block-button\"><a class=\"wp-block-button__link wp-element-button\">BAM!<\/a><\/div>\n\n<div class=\"wp-block-button\"><a class=\"wp-block-button__link wp-element-button\">Simon i Schuster<\/a><\/div><\/div>\n\n<p class=\"has-text-align-center has-medium-font-size\">Poza Europ\u0105? Zobacz <a href=\"#\" rel=\"nofollow\">wydania mi\u0119dzynarodowe<\/a>.<\/p><\/div><div class=\"wp-block-group alignfull has-global-padding is-layout-constrained wp-block-group-is-layout-constrained\" style=\"margin-top:0;margin-bottom:0;padding-top:var(--wp--preset--spacing--50);padding-bottom:var(--wp--preset--spacing--50)\"><div class=\"wp-block-columns alignwide is-layout-flex wp-container-core-columns-is-layout-fa584acd wp-block-columns-is-layout-flex\"><div class=\"wp-block-column is-vertically-aligned-center is-layout-flow wp-block-column-is-layout-flow\"><h2 class=\"wp-block-heading has-xx-large-font-size\">O ksi\u0105\u017cce<\/h2>\n\n<p class=\"has-medium-font-size\">This exquisite compilation showcases a diverse array of photographs that capture the essence of different eras and cultures, reflecting the unique styles and perspectives of each artist. Fleckenstein\u2019s evocative imagery, Strand\u2019s groundbreaking modernist approach, and K\u014dno\u2019s meticulous documentation of Japanese life come together in a harmonious blend that celebrates the art of photography. Each image in \u201cThe Stories Book\u201d is accompanied by insightful commentary, providing historical context and revealing the stories behind the photographs. This collection is not only a visual feast but also a tribute to the power of photography to preserve and narrate the multifaceted experiences of humanity.<\/p><\/div>\n\n<div class=\"wp-block-column is-vertically-aligned-center is-layout-flow wp-block-column-is-layout-flow\"><figure class=\"wp-block-image size-full\"><img decoding=\"async\" src=\"http:\/\/plantandfun.com\/wp-content\/themes\/twentytwentyfive\/assets\/images\/book-image-landing.webp\" alt=\"Obrazek ksi\u0105\u017cki\" style=\"aspect-ratio:1;object-fit:cover\"\/><\/figure><\/div><\/div><\/div><div class=\"wp-block-group alignfull is-style-default has-global-padding is-layout-constrained wp-block-group-is-layout-constrained\" style=\"margin-top:0;margin-bottom:0;padding-top:var(--wp--preset--spacing--60);padding-bottom:var(--wp--preset--spacing--60)\"><div class=\"wp-block-columns alignwide is-layout-flex wp-container-core-columns-is-layout-6ef9061c wp-block-columns-is-layout-flex\"><div class=\"wp-block-column is-layout-flow wp-block-column-is-layout-flow\" style=\"flex-basis:60%\"><div class=\"wp-block-group is-vertical is-layout-flex wp-container-core-group-is-layout-913d5755 wp-block-group-is-layout-flex\" style=\"padding-bottom:var(--wp--preset--spacing--30)\"><h2 class=\"wp-block-heading\">Mi\u0119dzynarodowe wydania<\/h2>\n\n<p class=\"has-medium-font-size\">Ksi\u0105\u017cka z Historiami b\u0119dzie dost\u0119pna w tych mi\u0119dzynarodowych sklepach.<\/p><\/div><\/div>\n\n<div class=\"wp-block-column is-layout-flow wp-block-column-is-layout-flow\" style=\"flex-basis:40%\"><div class=\"wp-block-columns is-layout-flex wp-container-core-columns-is-layout-28f84493 wp-block-columns-is-layout-flex\"><div class=\"wp-block-column is-layout-flow wp-container-core-column-is-layout-5dafc681 wp-block-column-is-layout-flow\"><div class=\"wp-block-group has-global-padding is-content-justification-left is-layout-constrained wp-container-core-group-is-layout-3540e7cd wp-block-group-is-layout-constrained\"><h3 class=\"wp-block-heading has-large-font-size\" style=\"font-style:normal;font-weight:500\">Australia<\/h3>\n\n<p class=\"has-medium-font-size\"><a href=\"#\">Ksi\u0119garnia<\/a><\/p><\/div>\n\n<div class=\"wp-block-group has-global-padding is-content-justification-left is-layout-constrained wp-container-core-group-is-layout-0b710646 wp-block-group-is-layout-constrained\"><h3 class=\"wp-block-heading has-large-font-size\" style=\"font-style:normal;font-weight:500\">Brazylia<\/h3>\n\n<p class=\"has-medium-font-size\"><a href=\"#\">Ksi\u0119garnia<\/a><\/p><\/div>\n\n<div class=\"wp-block-group has-global-padding is-content-justification-left is-layout-constrained wp-container-core-group-is-layout-0b710646 wp-block-group-is-layout-constrained\"><h3 class=\"wp-block-heading has-large-font-size\" style=\"font-style:normal;font-weight:500\">Kanada<\/h3>\n\n<p class=\"has-medium-font-size\"><a href=\"#\">Ksi\u0119garnia<\/a><\/p><\/div>\n\n<div class=\"wp-block-group has-global-padding is-content-justification-left is-layout-constrained wp-container-core-group-is-layout-0b710646 wp-block-group-is-layout-constrained\"><h3 class=\"wp-block-heading has-large-font-size\" style=\"font-style:normal;font-weight:500\">Japonia<\/h3>\n\n<p class=\"has-medium-font-size\"><a href=\"#\">Ksi\u0119garnia<\/a><\/p><\/div><\/div>\n\n<div class=\"wp-block-column is-layout-flow wp-container-core-column-is-layout-5dafc681 wp-block-column-is-layout-flow\"><div class=\"wp-block-group has-global-padding is-content-justification-left is-layout-constrained wp-container-core-group-is-layout-3540e7cd wp-block-group-is-layout-constrained\"><h3 class=\"wp-block-heading has-large-font-size\" style=\"font-style:normal;font-weight:500\">Nowa Zelandia<\/h3>\n\n<p class=\"has-medium-font-size\"><a href=\"#\">Ksi\u0119garnia<\/a><\/p><\/div>\n\n<div class=\"wp-block-group has-global-padding is-content-justification-left is-layout-constrained wp-container-core-group-is-layout-0b710646 wp-block-group-is-layout-constrained\"><h3 class=\"wp-block-heading has-large-font-size\" style=\"font-style:normal;font-weight:500\">Szwajcaria<\/h3>\n\n<p class=\"has-medium-font-size\"><a href=\"#\">Ksi\u0119garnia<\/a><\/p><\/div>\n\n<div class=\"wp-block-group has-global-padding is-content-justification-left is-layout-constrained wp-container-core-group-is-layout-0b710646 wp-block-group-is-layout-constrained\"><h3 class=\"wp-block-heading has-large-font-size\" style=\"font-style:normal;font-weight:500\">Stany Zjednoczone<\/h3>\n\n<p class=\"has-medium-font-size\"><a href=\"#\">Ksi\u0119garnia<\/a><\/p><\/div>\n\n<div class=\"wp-block-group has-global-padding is-content-justification-left is-layout-constrained wp-container-core-group-is-layout-0b710646 wp-block-group-is-layout-constrained\"><h3 class=\"wp-block-heading has-large-font-size\" style=\"font-style:normal;font-weight:500\">Wielka Brytania<\/h3>\n\n<p class=\"has-medium-font-size\"><a href=\"#\">Ksi\u0119garnia<\/a><\/p><\/div><\/div><\/div><\/div><\/div><\/div><div class=\"wp-block-group alignfull has-global-padding is-layout-constrained wp-block-group-is-layout-constrained\" style=\"margin-top:0;margin-bottom:0\"><div class=\"wp-block-group alignwide is-layout-flow wp-container-core-group-is-layout-d58a0413 wp-block-group-is-layout-flow\" style=\"padding-top:var(--wp--preset--spacing--50);padding-bottom:var(--wp--preset--spacing--50)\"><h2 class=\"wp-block-heading has-x-large-font-size\">Cz\u0119sto zadawane pytania<\/h2>\n\n<div class=\"wp-block-columns is-layout-flex wp-container-core-columns-is-layout-cbe57604 wp-block-columns-is-layout-flex\"><div class=\"wp-block-column is-layout-flow wp-block-column-is-layout-flow\"><div class=\"wp-block-group is-layout-flow wp-block-group-is-layout-flow\" style=\"border-top-color:var(--wp--preset--color--accent-6);border-top-width:1px;padding-top:var(--wp--preset--spacing--30);padding-bottom:var(--wp--preset--spacing--30)\"><h3 class=\"wp-block-heading\">O czym s\u0105 opowiadania?<\/h3>\n\n<p>Wyj\u0105tkowa kompilacja prezentuje r\u00f3\u017cnorodne zdj\u0119cia, kt\u00f3re uchwyci\u0142y istot\u0119 r\u00f3\u017cnych epok i kultur, odzwierciedlaj\u0105c unikatowe style i perspektywy ka\u017cdego artysty.<\/p><\/div><\/div>\n\n<div class=\"wp-block-column is-layout-flow wp-block-column-is-layout-flow\"><div class=\"wp-block-group is-layout-flow wp-block-group-is-layout-flow\" style=\"border-top-color:var(--wp--preset--color--accent-6);border-top-width:1px;padding-top:var(--wp--preset--spacing--30);padding-bottom:var(--wp--preset--spacing--30)\"><h3 class=\"wp-block-heading\">Ile kosztuje zbi\u00f3r opowiada\u0144?<\/h3>\n\n<p>Wyj\u0105tkowa kompilacja prezentuje r\u00f3\u017cnorodne zdj\u0119cia, kt\u00f3re uchwyci\u0142y istot\u0119 r\u00f3\u017cnych epok i kultur, odzwierciedlaj\u0105c unikatowe style i perspektywy ka\u017cdego artysty.<\/p><\/div><\/div><\/div>\n\n<div class=\"wp-block-columns is-layout-flex wp-container-core-columns-is-layout-cbe57604 wp-block-columns-is-layout-flex\"><div class=\"wp-block-column is-layout-flow wp-block-column-is-layout-flow\"><div class=\"wp-block-group is-layout-flow wp-block-group-is-layout-flow\" style=\"border-top-color:var(--wp--preset--color--accent-6);border-top-width:1px;padding-top:var(--wp--preset--spacing--30);padding-bottom:var(--wp--preset--spacing--30)\"><h3 class=\"wp-block-heading\">Kiedy zbi\u00f3r opowiada\u0144 zostanie wydany?<\/h3>\n\n<p>Wyj\u0105tkowa kompilacja prezentuje r\u00f3\u017cnorodne zdj\u0119cia, kt\u00f3re uchwyci\u0142y istot\u0119 r\u00f3\u017cnych epok i kultur, odzwierciedlaj\u0105c unikatowe style i perspektywy ka\u017cdego artysty.<\/p><\/div><\/div>\n\n<div class=\"wp-block-column is-layout-flow wp-block-column-is-layout-flow\"><div class=\"wp-block-group is-layout-flow wp-block-group-is-layout-flow\" style=\"border-top-color:var(--wp--preset--color--accent-6);border-top-width:1px;padding-top:var(--wp--preset--spacing--30);padding-bottom:var(--wp--preset--spacing--30)\"><h3 class=\"wp-block-heading\">Czy s\u0105 dost\u0119pne podpisane kopie?<\/h3>\n\n<p>Wyj\u0105tkowa kompilacja prezentuje r\u00f3\u017cnorodne zdj\u0119cia, kt\u00f3re uchwyci\u0142y istot\u0119 r\u00f3\u017cnych epok i kultur, odzwierciedlaj\u0105c unikatowe style i perspektywy ka\u017cdego artysty.<\/p><\/div><\/div><\/div><\/div><\/div><aside class=\"wp-block-group alignfull is-style-section-3 has-global-padding is-layout-constrained wp-container-core-group-is-layout-f0f2a97b wp-block-group-is-layout-constrained is-style-section-3--1\" style=\"margin-top:0;margin-bottom:0;padding-top:var(--wp--preset--spacing--50);padding-right:var(--wp--preset--spacing--50);padding-bottom:var(--wp--preset--spacing--50);padding-left:var(--wp--preset--spacing--50)\"><div class=\"wp-block-group is-vertical is-content-justification-center is-layout-flex wp-container-core-group-is-layout-8778ca4a wp-block-group-is-layout-flex\" style=\"min-height:360px;margin-top:0;margin-bottom:0\"><h2 class=\"wp-block-heading has-text-align-center has-xx-large-font-size\">Zapisz si\u0119, aby otrzymywa\u0107 codzienne historie.<\/h2>\n\n<p class=\"has-text-align-center is-style-text-subtitle is-style-text-subtitle--2\">Uzyskaj dost\u0119p do starannie wyselekcjonowanej kolekcji wyj\u0105tkowych moment\u00f3w, zawieraj\u0105cej fotografie o historycznym znaczeniu.<\/p>\n\n<div style=\"height:0px\" aria-hidden=\"true\" class=\"wp-block-spacer wp-container-content-62aae154\"><\/div>\n\n<div class=\"wp-block-buttons is-content-justification-center is-layout-flex wp-container-core-buttons-is-layout-a89b3969 wp-block-buttons-is-layout-flex\"><div class=\"wp-block-button\"><a class=\"wp-block-button__link has-text-align-center wp-element-button\">Subskrybuj<\/a><\/div><\/div><\/div><\/aside>","protected":false},"excerpt":{"rendered":"<p>The Stories Book A fine collection of moments in time featuring photographs from Louis Fleckenstein, Paul Strand and Asahachi K\u014dno. Available for pre-order now. Kup sw\u00f3j egzemplarz Ksi\u0105\u017cki z Historiami Poza Europ\u0105? Zobacz wydania mi\u0119dzynarodowe. O ksi\u0105\u017cce This exquisite compilation showcases a diverse array of photographs that capture the essence of different eras and cultures, [&hellip;]<\/p>\n","protected":false},"author":1,"featured_media":0,"parent":0,"menu_order":0,"comment_status":"closed","ping_status":"closed","template":"","meta":{"_acf_changed":false,"footnotes":""},"class_list":["post-596","page","type-page","status-publish","hentry"],"acf":[],"_links":{"self":[{"href":"https:\/\/plantandfun.com\/pl\/wp-json\/wp\/v2\/pages\/596","targetHints":{"allow":["GET"]}}],"collection":[{"href":"https:\/\/plantandfun.com\/pl\/wp-json\/wp\/v2\/pages"}],"about":[{"href":"https:\/\/plantandfun.com\/pl\/wp-json\/wp\/v2\/types\/page"}],"author":[{"embeddable":true,"href":"https:\/\/plantandfun.com\/pl\/wp-json\/wp\/v2\/users\/1"}],"replies":[{"embeddable":true,"href":"https:\/\/plantandfun.com\/pl\/wp-json\/wp\/v2\/comments?post=596"}],"version-history":[{"count":0,"href":"https:\/\/plantandfun.com\/pl\/wp-json\/wp\/v2\/pages\/596\/revisions"}],"wp:attachment":[{"href":"https:\/\/plantandfun.com\/pl\/wp-json\/wp\/v2\/media?parent=596"}],"curies":[{"name":"wp","href":"https:\/\/api.w.org\/{rel}","templated":true}]}}