




{"id":4222,"date":"2026-03-04T22:08:41","date_gmt":"2026-03-04T21:08:41","guid":{"rendered":"https:\/\/plantandfun.com\/produkt\/en-warzywniak-plantfun\/"},"modified":"2026-03-11T21:56:45","modified_gmt":"2026-03-11T20:56:45","slug":"gemueseladen-plantfun","status":"publish","type":"product","link":"https:\/\/plantandfun.com\/de\/produkt\/gemueseladen-plantfun\/","title":{"rendered":"Gem\u00fcseladen Plant&#038;Fun"},"content":{"rendered":"<h3>Verf\u00fcgbare Gr\u00f6\u00dfen<\/h3>\n<p><img loading=\"lazy\" decoding=\"async\" src=\"https:\/\/plantandfun.com\/wp-content\/uploads\/2025\/04\/i1.png\" alt=\"\" width=\"27\" height=\"27\" class=\"alignnone size-full wp-image-507\" \/> 1200 \u00d7 800 mm<br \/>\n<img loading=\"lazy\" decoding=\"async\" src=\"https:\/\/plantandfun.com\/wp-content\/uploads\/2025\/04\/i1.png\" alt=\"\" width=\"27\" height=\"27\" class=\"alignnone size-full wp-image-507\" \/> 800 \u00d7 600 mm<\/p>\n<h3>Verf\u00fcgbare Holzfarben<\/h3>\n<p><img loading=\"lazy\" decoding=\"async\" src=\"https:\/\/plantandfun.com\/wp-content\/uploads\/2026\/03\/color-natural.png\" alt=\"\" width=\"27\" height=\"27\" class=\"alignnone size-full wp-image-4913\" \/> Naturholz<br \/>\n<img loading=\"lazy\" decoding=\"async\" src=\"https:\/\/plantandfun.com\/wp-content\/uploads\/2026\/03\/color-dark.png\" alt=\"\" width=\"27\" height=\"27\" class=\"alignnone size-full wp-image-4910\" \/> Dunkles Holz<\/p>\n<p>Gr\u00f6\u00dfe und Farbe kannst du frei kombinieren und den Gem\u00fcseladen an deinen Raum sowie an den Stil deines Balkons oder Gartens anpassen.<\/p>\n","protected":false},"excerpt":{"rendered":"<h2>Gem\u00fcsekasten Plant&amp;Fun f\u00fcr Balkon und Garten<\/h2>\n<p>Dein Platz f\u00fcr gesundes Gem\u00fcse, Kr\u00e4uter und Blumen \u2013 auch wenn dir nur ein Balkon oder eine Terrasse zur Verf\u00fcgung steht. Der Gem\u00fcsekasten Plant&amp;Fun ist eine funktionale und \u00e4sthetische Pflanzkiste aus Naturholz, die f\u00fcr den t\u00e4glichen Gebrauch konzipiert wurde.<\/p>\n<p>Er eignet sich sowohl f\u00fcr Menschen, die gerade erst mit dem G\u00e4rtnern beginnen, als auch f\u00fcr diejenigen, die ihre eigenen Pflanzen immer griffbereit haben m\u00f6chten.<\/p>\n","protected":false},"featured_media":865,"template":"","meta":{"_acf_changed":false},"product_brand":[],"product_cat":[73],"product_tag":[],"class_list":{"0":"post-4222","1":"product","2":"type-product","3":"status-publish","4":"has-post-thumbnail","6":"product_cat-bez-kategorii-de","8":"first","9":"instock","10":"shipping-taxable","11":"purchasable","12":"product-type-variable","13":"has-default-attributes"},"acf":[],"_links":{"self":[{"href":"https:\/\/plantandfun.com\/de\/wp-json\/wp\/v2\/product\/4222","targetHints":{"allow":["GET"]}}],"collection":[{"href":"https:\/\/plantandfun.com\/de\/wp-json\/wp\/v2\/product"}],"about":[{"href":"https:\/\/plantandfun.com\/de\/wp-json\/wp\/v2\/types\/product"}],"wp:featuredmedia":[{"embeddable":true,"href":"https:\/\/plantandfun.com\/de\/wp-json\/wp\/v2\/media\/865"}],"wp:attachment":[{"href":"https:\/\/plantandfun.com\/de\/wp-json\/wp\/v2\/media?parent=4222"}],"wp:term":[{"taxonomy":"product_brand","embeddable":true,"href":"https:\/\/plantandfun.com\/de\/wp-json\/wp\/v2\/product_brand?post=4222"},{"taxonomy":"product_cat","embeddable":true,"href":"https:\/\/plantandfun.com\/de\/wp-json\/wp\/v2\/product_cat?post=4222"},{"taxonomy":"product_tag","embeddable":true,"href":"https:\/\/plantandfun.com\/de\/wp-json\/wp\/v2\/product_tag?post=4222"}],"curies":[{"name":"wp","href":"https:\/\/api.w.org\/{rel}","templated":true}]}}